{"id":1141,"date":"2022-06-29T15:44:29","date_gmt":"2022-06-29T13:44:29","guid":{"rendered":"https:\/\/gltsafeandsound.nohup.it\/terms-conditions\/"},"modified":"2022-11-16T12:35:31","modified_gmt":"2022-11-16T11:35:31","slug":"terms-conditions","status":"publish","type":"page","link":"https:\/\/gltsafeandsound.com\/en\/terms-conditions\/","title":{"rendered":"Terms &#038; Conditions"},"content":{"rendered":"<p><strong>CONDIZIONI GENERALI D\u2019USO DEL SITO<\/strong><\/p>\n<p>Le presenti condizioni generali d\u2019uso (\u201c<strong>Condizioni<\/strong>\u201d) disciplinano l\u2019accesso e l\u2019utilizzo del sito web <a href=\"https:\/\/gltsafeandsound.com\/\">gltsafeandsound.com<\/a> (\u201c<strong>Sito<\/strong>\u201d) da parte di ciascun utente (\u201c<strong>Utente<\/strong>\u201d), nonch\u00e9 la fruizione da parte dell\u2019Utente dei servizi messi a disposizione attraverso il Sito, ivi incluso il servizio di newsletter informativa (\u201c<strong>Servizio Newsletter<\/strong>\u201d).<\/p>\n<ol>\n<li><strong>Informazioni generali<\/strong>\n<ul>\n<li>Il Sito \u00e8 gestito da Global Thinking Foundation (\u201c<strong>GLT<\/strong>\u201d), P.IVA 09578750961, con sede a Milano (20155), via Aosta 21.<\/li>\n<\/ul>\n<\/li>\n<li><strong>Accettazioni e modifiche<\/strong>\n<ul>\n<li>Accedendo o comunque utilizzando il Sito, l\u2019Utente dichiara di aver preso visione e di accettare le presenti Condizioni e la<a href=\"\/privacy-policy\/\" target=\"_blank\" rel=\"noopener\"> <em>privacy policy<\/em><\/a> , unitamente a tutto quanto contenuto all\u2019interno di tali documenti.<\/li>\n<li>Qualora non intendesse accettare le presenti Condizioni, l\u2019Utente \u00e8 obbligato ad abbandonare il Sito e a non utilizzare i Servizi e\/o richiedere, in tutto o in parte, quanto ivi contenuto e reso disponibile, incluso il Servizio Newsletter.<\/li>\n<li>GLT si riserva il diritto di modificare il contenuto delle presenti Condizioni e\/o della <em>privacy policy<\/em> in qualunque momento in presenza di un giustificato motivo quale, a titolo esemplificativo, la necessit\u00e0 di disciplinare un nuovo Servizio offerto sul Sito, ovvero alla luce di nuovi requisiti normativi, regolamentari o contrattuali applicabili. GLT si impegna ad informare gli Utenti di tutte le modifiche apportate a norma del presente paragrafo, con le modalit\u00e0 ritenute tempo per tempo pi\u00f9 appropriate. L\u2019utilizzo del Sito successivamente alla ricezione dell\u2019informativa relativa a dette modifiche costituir\u00e0 accettazione piena e incondizionata delle stesse da parte dell\u2019Utente.<\/li>\n<\/ul>\n<\/li>\n<li><strong>Disponibilit\u00e0 del Sito e dei Servizi<\/strong>\n<ul>\n<li>Tramite il Sito, GLT potr\u00e0 pubblicare e condividere diversi articoli, materiali, documenti, messaggi, commenti, collegamenti, immagini, foto, video e\/o qualsiasi ulteriore contenuto tempo per tempo selezionato e\/o creato da GLT e\/o da terzi dalla medesima incaricati (\u201c<strong>Servizi<\/strong>\u201d).<\/li>\n<li>L\u2019accesso e l\u2019utilizzo, da parte dell\u2019Utente, del Sito (con ci\u00f2 intendendosi, a titolo esemplificativo, la visualizzazione delle diverse sezioni, la comunicazione con GLT, la possibilit\u00e0 di visualizzare i relativi contenuti, ecc.) e dei Servizi costituiscono attivit\u00e0 condotte esclusivamente per usi personali e domestici, estranei a qualsiasi attivit\u00e0 commerciale, imprenditoriale e\/o professionale.<\/li>\n<li>GLT si riserva il diritto di <em>(i)<\/em> rendere accessibile il Sito e disponibili i Servizi e\/o i Contenuti nei tempi e nei modi dalla stessa determinati a propria esclusiva discrezione, nonch\u00e9 di <em>(ii)<\/em> cancellare, rimuovere o modificare i Servizi e\/o i Contenuti e, in generale, tutti i servizi tempo per tempo resi disponibili attraverso il Sito; <em>(iii)<\/em> modificare il Sito e i Servizi, ivi incluse le interfacce grafiche e le funzionalit\u00e0, a propria esclusiva discrezione e senza obblighi di qualunque natura nei confronti degli Utenti; e <em>(iv) <\/em>in generale, sospendere la disponibilit\u00e0 del Sito e\/o di qualsiasi Servizio e\/o Contenuto reso disponibile attraverso di esso, ivi incluso il Servizio Newsletter, in tutto o in parte e per tutto il tempo necessario, anche in caso di intervento di manutenzione ordinaria o straordinaria. L\u2019Utente espressamente accetta che GLT non presta alcuna garanzia, espressa o implicita relativa alla continuit\u00e0 o al corretto funzionamento del Sito e\/o dei Servizi e\/o, in generale, dei servizi resi disponibili tempo per tempo attraverso il Sito.<\/li>\n<li>GLT adotta ogni utile precauzione al fine di assicurare che i Servizi e i Contenuti tempo per tempo disponibili attraverso il Sito siano accurati e aggiornati. Tuttavia, GLT non presta alcuna garanzia espressa o implicita, n\u00e9 potr\u00e0 essere in alcun modo ritenuta responsabile per la veridicit\u00e0, la completezza, l\u2019accuratezza o l\u2019affidabilit\u00e0 dei Servizi e\/o dei Contenuti. Nessun Servizio e Contenuto potr\u00e0 essere inteso come espressione della volont\u00e0 e\/o dell\u2019opinione di GLT.<\/li>\n<li>GLT non potr\u00e0 essere in alcun modo ritenuta responsabile per danni, diretti o indiretti, spese, costi e\/o oneri di qualsivoglia natura ed entit\u00e0, che dovessero derivare all\u2019Utente e\/o a terzi in conseguenza dell\u2019uso o del mancato uso del Sito e\/o dei Servizi e\/o dei Contenuti tempo per tempo disponibili attraverso di esso, ivi incluso il Servizio Newsletter.<\/li>\n<\/ul>\n<\/li>\n<li><strong>Propriet\u00e0 intellettuale e uso consentito del Sito<\/strong>\n<ul>\n<li>Le presenti Condizioni non conferiscono all\u2019Utente alcun diritto di qualsivoglia natura sul Sito e\/o sui Servizi. L\u2019Utente prende atto e accetta che tutti i diritti di propriet\u00e0 industriale e\/o intellettuale sul Sito, sui Servizi, sulle newsletter e su tutti i materiali ivi contenuti (ivi inclusi, ma non limitatamente a, marchi e segni distintivi registrati e non registrati, disegni, testi, articoli, immagini e documenti \u2013 collettivamente i \u201c<strong>Contenuti<\/strong>\u201d) sono e rimangono di titolarit\u00e0 di GLT e\/o dei relativi terzi titolari, in tutto e in ogni loro parte e ovunque nel mondo. In assenza di espressa autorizzazione da parte dei relativi titolari, l\u2019Utente si impegna, pertanto, ad astenersi da qualsiasi memorizzazione, riproduzione, appropriazione, plagio, contraffazione e\/o diffusione dei Contenuti, in tutto e in ogni loro parte.<\/li>\n<li>L\u2019Utente si impegna a fruire del Sito, dei Servizi e dei Contenuti nel pieno rispetto dei diritti di propriet\u00e0 industriale e\/o intellettuale di GLT e\/o dei relativi terzi titolari e, a tal fine, si impegna, senza limitazione alcuna a: <em>(i)<\/em> non aggirare le limitazioni tecniche e le misure tecnologiche di protezione presenti sul Sito; <em>(ii)<\/em> non decodificare, decompilare o disassemblare il Sito; <em>(iii)<\/em> non copiare, memorizzare, modificare, adattare, distribuire, trasmettere, riprodurre, pubblicare, condividere, concedere in licenza, derivare altre applicazioni e\/o contenuti, trasferire in nessun modo, in tutto o in parte, il Sito e\/o i Contenuti; e <em>(iv)<\/em> non sviluppare, supportare, utilizzare o far utilizzare dispositivi o qualsiasi altro mezzo o processo idoneo ad eseguire lo <em>scraping<\/em> del Sito, o comunque, a copiare i dati e\/o i Contenuti dallo stesso. La riproduzione, in tutto o in parte, del Sito e dei relativi contenuti su qualunque altro sito esterno, ovvero la creazione di link, ipertesti, collegamenti o deep linking tra il Sito e qualunque altro sito internet \u00e8 proibito senza il previo consenso scritto di GLT.<\/li>\n<li>L\u2019Utente si impegna a non contestare, direttamente o tramite terzi, in tutto o in parte e ovunque nel mondo, la validit\u00e0 dei diritti di propriet\u00e0 industriale e\/o intellettuale di GLT.<\/li>\n<li>\u00c8 fatto espresso divieto all\u2019Utente di utilizzare il Sito al fine di inviare, pubblicare, trasmettere e\/o condividere dati, contenuti o documenti informatici che: <em>(i)<\/em> siano in contrasto o violino i diritti di propriet\u00e0 industriale e\/o intellettuale di titolarit\u00e0 di GLT e\/o di terzi; <em>(ii)<\/em> abbiano contenuti discriminatori, diffamatori, calunniosi o minacciosi; <em>(iii)<\/em> contengano materiali pornografico, pedopornografico, osceno o comunque contrario alla pubblica morale; <em>(iv)<\/em> contengano virus, <em>malware<\/em> o, comunque, altri elementi informatici di contaminazione o distruzione; <em>(v)<\/em> costituiscano attivit\u00e0 di <em>spamming<\/em>, <em>phishing<\/em> e\/o simili; <em>(vi)<\/em> siano in ogni caso in contrasto con le disposizioni normative e\/o regolamentari applicabili.<\/li>\n<li>Fermo restando quanto previsto nella <em>privacy policy<\/em>, l\u2019Utente \u00e8 consapevole che il Sito e\/o i Servizi e\/o i Contenuti potrebbero includere contenuti e\/o collegamenti a siti web di terzi o altri servizi che non sono di propriet\u00e0, controllati o gestiti da GLT e in relazione ai quali GLT non assume alcuna responsabilit\u00e0 (\u201c<strong>Link<\/strong>\u201d). Interagendo con gli eventuali Link, l\u2019Utente verr\u00e0 re-indirizzato al di fuori del Sito e, pertanto, su ambienti non controllati o gestiti da GLT. GLT declina qualsiasi responsabilit\u00e0 in merito al contenuto e alle attivit\u00e0 dei siti, dei portali e\/o delle piattaforme di destinazione dei Link.<\/li>\n<li>L\u2019Utente si impegna a manlevare e tenere indenne GLT da qualsiasi danno, pretesa, sanzione, responsabilit\u00e0 e\/o onere, diretto o indiretto e ivi incluse, senza limitazione, le ragionevoli spese legali, che GLT dovesse subire o sopportare in conseguenza dell\u2019inadempimento o della violazione di uno qualsiasi degli obblighi di cui al presente articolo 3.<\/li>\n<\/ul>\n<\/li>\n<li><strong>Dati personali<\/strong>\n<ul>\n<li>GLT tratta attraverso il Sito e per le finalit\u00e0 indicate nella informativa privacy dati personali dell\u2019Utente. In relazione a tali trattamenti, si rimanda alla <a href=\"\/privacy-policy\/\" target=\"_blank\" rel=\"noopener\">privacy polic<\/a>y\u00a0 .<\/li>\n<\/ul>\n<\/li>\n<li><strong>Legge applicabile e Foro competente<\/strong>\n<ul>\n<li>Le presenti Condizioni sono disciplinate dalla legge italiana e devono essere interpretate in conformit\u00e0 alla stessa.<\/li>\n<li>L\u2019Utente, ove qualificabile come consumatore ai sensi dell\u2019art. 3, comma 1, lett. a) del D.lgs. 6 settembre 2005 n. 206 (\u201c<strong>Consumatore<\/strong>\u201d), in caso di controversie con GLT, avr\u00e0 la facolt\u00e0 di accedere e utilizzare la piattaforma <em>Online Dispute Resolution<\/em> europea (\u201c<strong>Piattaforma ODR Europea<\/strong>\u201d) per la relativa risoluzione. La Piattaforma ODR Europea \u00e8 sviluppata e gestita dalla Commissione Europea, in ottemperanza alla Direttiva 2013\/11\/UE e al Regolamento (UE) n. 524\/2013, al fine di agevolare la risoluzione extra-giudiziale indipendente, imparziale, trasparente, efficace, rapida ed equa delle controversie concernenti obbligazioni contrattuali derivanti da contratti di vendita o di servizi <em>online<\/em> tra un consumatore residente nell\u2019Unione Europea e un professionista stabilito nell\u2019Unione, attraverso l\u2019intervento di un organismo ADR (<em>alternative dispute resolution<\/em>) che vi abbia aderito, selezionabile da un apposito elenco ivi disponibile. Per maggiori informazioni sulla Piattaforma ODR Europea o, se sei un Consumatore, per avviare, tramite quest\u2019ultima, una procedura di risoluzione alternativa di una controversia con GLT relativa all\u2019uso del Sito, basta accedere al seguente <em>link<\/em>: <a href=\"http:\/\/ec.europa.eu\/consumers\/odr\"><em>http:\/\/ec.europa.eu\/consumers\/odr<\/em><\/a>. L\u2019indirizzo di posta elettronica di GLT da indicare nella Piattaforma ODR Europea \u00e8 il seguente: <a href=\"mailto:segreteria@gltfoundation.com\">segreteria@gltfoundation.com<\/a>.<\/li>\n<li>Qualora non si aderisca al tentativo di conciliazione di cui al precedente articolo oppure il tentativo esperito dovesse avere esito negativo, ogni controversia relativa all\u2019uso del Sito sar\u00e0 sempre devoluta al giudice del luogo ove l\u2019Utente\/Consumatore abbia la propria residenza o domicilio. Qualsiasi altra controversia che dovesse eventualmente sorgere tra GLT e l\u2019Utente in relazione alle presenti Condizioni, con soggetti non qualificabili come Consumatori, sar\u00e0 devoluta all\u2019esclusiva competenza del Foro di Milano.<\/li>\n<\/ul>\n<\/li>\n<li><strong>Clausole finali<\/strong>\n<ul>\n<li>Tutte le comunicazioni a GLT con riferimento alle presenti Condizioni dovranno essere effettuate al seguente indirizzo: <a href=\"mailto:segreteria@gltfoundation.com\">segreteria@gltfoundation.com<\/a>.<\/li>\n<li>Le Condizioni contengono l\u2019integrale disciplina del rapporto tra GLT e l\u2019Utente con riferimento a quanto ne forma oggetto.<\/li>\n<li>Ove una disposizione delle presenti Condizioni fosse o divenisse nulla, e\/o qualora una o pi\u00f9 delle disposizioni non potesse, per motivo diverso dall\u2019inadempimento della parte obbligata, essere adempiuta nel puntuale rispetto delle previsioni qui pattuite, le restanti disposizioni conserveranno pieno vigore ed efficacia.<\/li>\n<li>L\u2019eventuale tolleranza di GLT di comportamenti posti in essere dall\u2019Utente in violazione delle disposizioni contenute nelle presenti Condizioni non costituisce rinuncia ai diritti derivanti dalle disposizioni violate n\u00e9 al diritto di esigere l\u2019esatto adempimento di tutti i termini e di tutte le condizioni qui previste.<\/li>\n<\/ul>\n<\/li>\n<\/ol>\n","protected":false},"excerpt":{"rendered":"CONDIZIONI GENERALI D\u2019USO DEL SITO Le presenti condizioni generali d\u2019uso&nbsp;&#8230;","protected":false},"author":1,"featured_media":0,"parent":0,"menu_order":0,"comment_status":"closed","ping_status":"closed","template":"","meta":{"_acf_changed":false,"inline_featured_image":false,"_themeisle_gutenberg_block_has_review":false,"footnotes":""},"class_list":["post-1141","page","type-page","status-publish","hentry"],"acf":[],"yoast_head":"<!-- This site is optimized with the Yoast SEO plugin v23.5 - https:\/\/yoast.com\/wordpress\/plugins\/seo\/ -->\n<title>Terms &amp; Conditions - GLT Cyber Security<\/title>\n<meta name=\"robots\" content=\"index, follow, max-snippet:-1, max-image-preview:large, max-video-preview:-1\" \/>\n<link rel=\"canonical\" href=\"https:\/\/gltsafeandsound.com\/en\/terms-conditions\/\" \/>\n<meta property=\"og:locale\" content=\"en_US\" \/>\n<meta property=\"og:type\" content=\"article\" \/>\n<meta property=\"og:title\" content=\"Terms &amp; Conditions - GLT Cyber Security\" \/>\n<meta property=\"og:description\" content=\"CONDIZIONI GENERALI D\u2019USO DEL SITO Le presenti condizioni generali d\u2019uso&nbsp;...\" \/>\n<meta property=\"og:url\" content=\"https:\/\/gltsafeandsound.com\/en\/terms-conditions\/\" \/>\n<meta property=\"og:site_name\" content=\"GLT Cyber Security\" \/>\n<meta property=\"article:modified_time\" content=\"2022-11-16T11:35:31+00:00\" \/>\n<meta name=\"twitter:card\" content=\"summary_large_image\" \/>\n<script type=\"application\/ld+json\" class=\"yoast-schema-graph\">{\"@context\":\"https:\/\/schema.org\",\"@graph\":[{\"@type\":\"WebPage\",\"@id\":\"https:\/\/gltsafeandsound.com\/en\/terms-conditions\/\",\"url\":\"https:\/\/gltsafeandsound.com\/en\/terms-conditions\/\",\"name\":\"Terms & Conditions - GLT Cyber Security\",\"isPartOf\":{\"@id\":\"https:\/\/gltsafeandsound.com\/en\/#website\"},\"datePublished\":\"2022-06-29T13:44:29+00:00\",\"dateModified\":\"2022-11-16T11:35:31+00:00\",\"breadcrumb\":{\"@id\":\"https:\/\/gltsafeandsound.com\/en\/terms-conditions\/#breadcrumb\"},\"inLanguage\":\"en-US\",\"potentialAction\":[{\"@type\":\"ReadAction\",\"target\":[\"https:\/\/gltsafeandsound.com\/en\/terms-conditions\/\"]}]},{\"@type\":\"BreadcrumbList\",\"@id\":\"https:\/\/gltsafeandsound.com\/en\/terms-conditions\/#breadcrumb\",\"itemListElement\":[{\"@type\":\"ListItem\",\"position\":1,\"name\":\"Home\",\"item\":\"https:\/\/gltsafeandsound.com\/en\/\"},{\"@type\":\"ListItem\",\"position\":2,\"name\":\"Terms &#038; Conditions\"}]},{\"@type\":\"WebSite\",\"@id\":\"https:\/\/gltsafeandsound.com\/en\/#website\",\"url\":\"https:\/\/gltsafeandsound.com\/en\/\",\"name\":\"GLT Cyber Security\",\"description\":\"Cyber Security\",\"potentialAction\":[{\"@type\":\"SearchAction\",\"target\":{\"@type\":\"EntryPoint\",\"urlTemplate\":\"https:\/\/gltsafeandsound.com\/en\/?s={search_term_string}\"},\"query-input\":{\"@type\":\"PropertyValueSpecification\",\"valueRequired\":true,\"valueName\":\"search_term_string\"}}],\"inLanguage\":\"en-US\"}]}<\/script>\n<!-- \/ Yoast SEO plugin. -->","yoast_head_json":{"title":"Terms & Conditions - GLT Cyber Security","robots":{"index":"index","follow":"follow","max-snippet":"max-snippet:-1","max-image-preview":"max-image-preview:large","max-video-preview":"max-video-preview:-1"},"canonical":"https:\/\/gltsafeandsound.com\/en\/terms-conditions\/","og_locale":"en_US","og_type":"article","og_title":"Terms & Conditions - GLT Cyber Security","og_description":"CONDIZIONI GENERALI D\u2019USO DEL SITO Le presenti condizioni generali d\u2019uso&nbsp;...","og_url":"https:\/\/gltsafeandsound.com\/en\/terms-conditions\/","og_site_name":"GLT Cyber Security","article_modified_time":"2022-11-16T11:35:31+00:00","twitter_card":"summary_large_image","schema":{"@context":"https:\/\/schema.org","@graph":[{"@type":"WebPage","@id":"https:\/\/gltsafeandsound.com\/en\/terms-conditions\/","url":"https:\/\/gltsafeandsound.com\/en\/terms-conditions\/","name":"Terms & Conditions - GLT Cyber Security","isPartOf":{"@id":"https:\/\/gltsafeandsound.com\/en\/#website"},"datePublished":"2022-06-29T13:44:29+00:00","dateModified":"2022-11-16T11:35:31+00:00","breadcrumb":{"@id":"https:\/\/gltsafeandsound.com\/en\/terms-conditions\/#breadcrumb"},"inLanguage":"en-US","potentialAction":[{"@type":"ReadAction","target":["https:\/\/gltsafeandsound.com\/en\/terms-conditions\/"]}]},{"@type":"BreadcrumbList","@id":"https:\/\/gltsafeandsound.com\/en\/terms-conditions\/#breadcrumb","itemListElement":[{"@type":"ListItem","position":1,"name":"Home","item":"https:\/\/gltsafeandsound.com\/en\/"},{"@type":"ListItem","position":2,"name":"Terms &#038; Conditions"}]},{"@type":"WebSite","@id":"https:\/\/gltsafeandsound.com\/en\/#website","url":"https:\/\/gltsafeandsound.com\/en\/","name":"GLT Cyber Security","description":"Cyber Security","potentialAction":[{"@type":"SearchAction","target":{"@type":"EntryPoint","urlTemplate":"https:\/\/gltsafeandsound.com\/en\/?s={search_term_string}"},"query-input":{"@type":"PropertyValueSpecification","valueRequired":true,"valueName":"search_term_string"}}],"inLanguage":"en-US"}]}},"_links":{"self":[{"href":"https:\/\/gltsafeandsound.com\/en\/wp-json\/wp\/v2\/pages\/1141"}],"collection":[{"href":"https:\/\/gltsafeandsound.com\/en\/wp-json\/wp\/v2\/pages"}],"about":[{"href":"https:\/\/gltsafeandsound.com\/en\/wp-json\/wp\/v2\/types\/page"}],"author":[{"embeddable":true,"href":"https:\/\/gltsafeandsound.com\/en\/wp-json\/wp\/v2\/users\/1"}],"replies":[{"embeddable":true,"href":"https:\/\/gltsafeandsound.com\/en\/wp-json\/wp\/v2\/comments?post=1141"}],"version-history":[{"count":2,"href":"https:\/\/gltsafeandsound.com\/en\/wp-json\/wp\/v2\/pages\/1141\/revisions"}],"predecessor-version":[{"id":2054,"href":"https:\/\/gltsafeandsound.com\/en\/wp-json\/wp\/v2\/pages\/1141\/revisions\/2054"}],"wp:attachment":[{"href":"https:\/\/gltsafeandsound.com\/en\/wp-json\/wp\/v2\/media?parent=1141"}],"curies":[{"name":"wp","href":"https:\/\/api.w.org\/{rel}","templated":true}]}}